{"id":137,"date":"2020-09-06T11:20:40","date_gmt":"2020-09-06T09:20:40","guid":{"rendered":"http:\/\/vme.hu\/wprs\/?page_id=137"},"modified":"2022-05-26T14:46:14","modified_gmt":"2022-05-26T12:46:14","slug":"tanckar-obsitos-csoport","status":"publish","type":"page","link":"http:\/\/vme.hu\/wprs\/?page_id=137","title":{"rendered":"T\u00e1nckar\/Obsitos csoport"},"content":{"rendered":"\n<p>A Vasas M\u0171v\u00e9szegy\u00fcttes Obsitos csoportja 1999-ben alakult.<\/p>\n\n\n\n<p>Bemutatkoz\u00f3 \u00f6n\u00e1ll\u00f3 el\u0151ad\u00e1suk 2000-ben volt \u201eSt\u00e1ci\u00f3k\u201d c\u00edmmel.. Rendszeresen fell\u00e9pnek a Vasas T\u00e1nckarral. \u00d6n\u00e1ll\u00f3 el\u0151ad\u00e1saik k\u00f6z\u00fcl a kiemelked\u0151bbek: 2009-ben a m\u00e1rcius 15-i \u00fcnnepi m\u0171sor Sepsiszentgy\u00f6rgy\u00f6n, 2010-ben a \u201eMaty\u00f3f\u00f6ldi\u201d Folkl\u00f3rfesztiv\u00e1l Mez\u0151k\u00f6vesden, 2010-ben, 2012-ben, 2013-ban \u00e9s 2014-ben is a Senior Karnev\u00e1lon, valamint 2011-ben \u00e9s 2013-ban a Szolnoki N\u00e9pt\u00e1ncfesztiv\u00e1l M\u00faltid\u00e9z\u0151 m\u0171sor\u00e1ban. Jobb\u00e1gytelke (Fels\u0151-Ny\u00e1r\u00e1d-mente) kultur\u00e1lis rendezv\u00e9nyeinek rendszeres fell\u00e9p\u0151i. A Csepeli \u00d6regt\u00e1ncos Tal\u00e1lkoz\u00f3nak indul\u00e1sa \u00f3ta r\u00e9szvev\u0151i.<br>&nbsp;<\/p>\n\n\n\n<p>Az Obsitos csoport fenntart\u00f3ja a Magyar \u00d6r\u00f6ks\u00e9g-d\u00edjas Vasas M\u0171v\u00e9szegy\u00fcttes Alap\u00edtv\u00e1ny.<br>&nbsp;<\/p>\n\n\n\n<p>M\u0171v\u00e9szeti vezet\u0151: <strong>Bacs\u00f3 Lilla \u00e9s Darabos P\u00e9ter<\/strong><\/p>\n\n\n\n<p>Pr\u00f3banap: szerda 19.00-21.00<\/p>\n","protected":false},"excerpt":{"rendered":"<p>A Vasas M\u0171v\u00e9szegy\u00fcttes Obsitos csoportja 1999-ben alakult. Bemutatkoz\u00f3 \u00f6n\u00e1ll\u00f3 el\u0151ad\u00e1suk 2000-ben volt \u201eSt\u00e1ci\u00f3k\u201d c\u00edmmel.. Rendszeresen fell\u00e9pnek a Vasas T\u00e1nckarral. \u00d6n\u00e1ll\u00f3 el\u0151ad\u00e1saik k\u00f6z\u00fcl a kiemelked\u0151bbek: 2009-ben [&hellip;]<\/p>\n","protected":false},"author":1,"featured_media":0,"parent":0,"menu_order":0,"comment_status":"closed","ping_status":"closed","template":"","meta":{"_mc_calendar":[]},"_links":{"self":[{"href":"http:\/\/vme.hu\/wprs\/index.php?rest_route=\/wp\/v2\/pages\/137"}],"collection":[{"href":"http:\/\/vme.hu\/wprs\/index.php?rest_route=\/wp\/v2\/pages"}],"about":[{"href":"http:\/\/vme.hu\/wprs\/index.php?rest_route=\/wp\/v2\/types\/page"}],"author":[{"embeddable":true,"href":"http:\/\/vme.hu\/wprs\/index.php?rest_route=\/wp\/v2\/users\/1"}],"replies":[{"embeddable":true,"href":"http:\/\/vme.hu\/wprs\/index.php?rest_route=%2Fwp%2Fv2%2Fcomments&post=137"}],"version-history":[{"count":2,"href":"http:\/\/vme.hu\/wprs\/index.php?rest_route=\/wp\/v2\/pages\/137\/revisions"}],"predecessor-version":[{"id":316,"href":"http:\/\/vme.hu\/wprs\/index.php?rest_route=\/wp\/v2\/pages\/137\/revisions\/316"}],"wp:attachment":[{"href":"http:\/\/vme.hu\/wprs\/index.php?rest_route=%2Fwp%2Fv2%2Fmedia&parent=137"}],"curies":[{"name":"wp","href":"https:\/\/api.w.org\/{rel}","templated":true}]}}