{"id":146,"date":"2020-09-06T11:27:40","date_gmt":"2020-09-06T09:27:40","guid":{"rendered":"http:\/\/vme.hu\/wprs\/?page_id=146"},"modified":"2022-05-26T14:49:30","modified_gmt":"2022-05-26T12:49:30","slug":"tanckor-alapitvany","status":"publish","type":"page","link":"http:\/\/vme.hu\/wprs\/?page_id=146","title":{"rendered":"Ut\u00e1np\u00f3tl\u00e1s csoportok"},"content":{"rendered":"\n<p>A&nbsp;6 \u00e9s 18 \u00e9v k\u00f6z\u00f6tti gyerekek k\u00fcl\u00f6n&nbsp;csoportokban ismerkednek a K\u00e1rp\u00e1t-medence t\u00e1ncaival, hagyom\u00e1nyaival. Megtanulj\u00e1k a t\u00e1ncokhoz kapcsol\u00f3d\u00f3 n\u00e9pdalokat, n\u00e9pviseleteket,&nbsp;n\u00e9pi j\u00e1t\u00e9kokat.&nbsp; B\u00edzunk benne, hogy a fell\u00e9p\u00e9sek, el\u0151ad\u00e1sok \u00e1ltal megismerkednek a j\u00f3l v\u00e9gzett k\u00f6z\u00f6ss\u00e9gi munka siker\u00e9lm\u00e9ny\u00e9vel is.<br>Az iskola m\u0171k\u00f6dtet\u0151je a <a href=\"http:\/\/www.tanckoralapitvany.hu\" target=\"_blank\" rel=\"noreferrer noopener\">\u201eT\u00e1nck\u00f6r\u201d Alap\u00edtv\u00e1ny<\/a>. <strong>Ad\u00f3sz\u00e1ma<\/strong>: 18153347-1-42<\/p>\n\n\n\n<p><strong>Pr\u00f3banapok: <\/strong>h\u00e9tf\u0151, szerda, p\u00e9ntek 16.30-18.00<\/p>\n\n\n\n<p><strong>Csoportvezet\u0151k: <\/strong>Bertha Adrienn \u00e9s Sz\u00e9les Krist\u00f3f<\/p>\n\n\n\n<p><strong>M\u0171v\u00e9szeti vezet\u0151:<\/strong> Bacs\u00f3 Lilla \u00e9s Darabos P\u00e9ter<\/p>\n\n\n\n<p><\/p>\n","protected":false},"excerpt":{"rendered":"<p>A&nbsp;6 \u00e9s 18 \u00e9v k\u00f6z\u00f6tti gyerekek k\u00fcl\u00f6n&nbsp;csoportokban ismerkednek a K\u00e1rp\u00e1t-medence t\u00e1ncaival, hagyom\u00e1nyaival. Megtanulj\u00e1k a t\u00e1ncokhoz kapcsol\u00f3d\u00f3 n\u00e9pdalokat, n\u00e9pviseleteket,&nbsp;n\u00e9pi j\u00e1t\u00e9kokat.&nbsp; B\u00edzunk benne, hogy a fell\u00e9p\u00e9sek, el\u0151ad\u00e1sok [&hellip;]<\/p>\n","protected":false},"author":1,"featured_media":0,"parent":0,"menu_order":0,"comment_status":"closed","ping_status":"closed","template":"","meta":{"_mc_calendar":[]},"_links":{"self":[{"href":"http:\/\/vme.hu\/wprs\/index.php?rest_route=\/wp\/v2\/pages\/146"}],"collection":[{"href":"http:\/\/vme.hu\/wprs\/index.php?rest_route=\/wp\/v2\/pages"}],"about":[{"href":"http:\/\/vme.hu\/wprs\/index.php?rest_route=\/wp\/v2\/types\/page"}],"author":[{"embeddable":true,"href":"http:\/\/vme.hu\/wprs\/index.php?rest_route=\/wp\/v2\/users\/1"}],"replies":[{"embeddable":true,"href":"http:\/\/vme.hu\/wprs\/index.php?rest_route=%2Fwp%2Fv2%2Fcomments&post=146"}],"version-history":[{"count":3,"href":"http:\/\/vme.hu\/wprs\/index.php?rest_route=\/wp\/v2\/pages\/146\/revisions"}],"predecessor-version":[{"id":319,"href":"http:\/\/vme.hu\/wprs\/index.php?rest_route=\/wp\/v2\/pages\/146\/revisions\/319"}],"wp:attachment":[{"href":"http:\/\/vme.hu\/wprs\/index.php?rest_route=%2Fwp%2Fv2%2Fmedia&parent=146"}],"curies":[{"name":"wp","href":"https:\/\/api.w.org\/{rel}","templated":true}]}}