{"id":151,"date":"2020-09-06T11:38:06","date_gmt":"2020-09-06T09:38:06","guid":{"rendered":"http:\/\/vme.hu\/wprs\/?page_id=151"},"modified":"2020-09-06T15:42:24","modified_gmt":"2020-09-06T13:42:24","slug":"tancok","status":"publish","type":"page","link":"http:\/\/vme.hu\/wprs\/?page_id=151","title":{"rendered":"T\u00e1ncok"},"content":{"rendered":"\n<h1 class=\"wp-block-heading\">T\u00e1ncok<\/h1>\n\n\n\n<figure class=\"wp-block-gallery columns-3 is-cropped wp-block-gallery-1 is-layout-flex\"><ul class=\"blocks-gallery-grid\"><li class=\"blocks-gallery-item\"><figure><img decoding=\"async\" loading=\"lazy\" width=\"900\" height=\"598\" src=\"http:\/\/vme.hu\/wprs\/wp-content\/uploads\/2020\/09\/5033_bodnar1.jpg\" alt=\"\" data-id=\"175\" data-full-url=\"http:\/\/vme.hu\/wprs\/wp-content\/uploads\/2020\/09\/5033_bodnar1.jpg\" data-link=\"http:\/\/vme.hu\/wprs\/?attachment_id=175\" class=\"wp-image-175\" srcset=\"http:\/\/vme.hu\/wprs\/wp-content\/uploads\/2020\/09\/5033_bodnar1.jpg 900w, http:\/\/vme.hu\/wprs\/wp-content\/uploads\/2020\/09\/5033_bodnar1-300x199.jpg 300w, http:\/\/vme.hu\/wprs\/wp-content\/uploads\/2020\/09\/5033_bodnar1-768x510.jpg 768w\" sizes=\"(max-width: 900px) 100vw, 900px\" \/><figcaption class=\"blocks-gallery-item__caption\">Erd\u0151b\u00e9nyei bodn\u00e1rt\u00e1nc<\/figcaption><\/figure><\/li><li class=\"blocks-gallery-item\"><figure><img decoding=\"async\" loading=\"lazy\" width=\"900\" height=\"598\" src=\"http:\/\/vme.hu\/wprs\/wp-content\/uploads\/2020\/09\/5041_bodnar2.jpg\" alt=\"\" data-id=\"176\" data-full-url=\"http:\/\/vme.hu\/wprs\/wp-content\/uploads\/2020\/09\/5041_bodnar2.jpg\" data-link=\"http:\/\/vme.hu\/wprs\/?attachment_id=176\" class=\"wp-image-176\" srcset=\"http:\/\/vme.hu\/wprs\/wp-content\/uploads\/2020\/09\/5041_bodnar2.jpg 900w, http:\/\/vme.hu\/wprs\/wp-content\/uploads\/2020\/09\/5041_bodnar2-300x199.jpg 300w, http:\/\/vme.hu\/wprs\/wp-content\/uploads\/2020\/09\/5041_bodnar2-768x510.jpg 768w\" sizes=\"(max-width: 900px) 100vw, 900px\" \/><figcaption class=\"blocks-gallery-item__caption\">Erd\u0151b\u00e9nyei bodn\u00e1rt\u00e1nc<\/figcaption><\/figure><\/li><li class=\"blocks-gallery-item\"><figure><img decoding=\"async\" loading=\"lazy\" width=\"465\" height=\"700\" src=\"http:\/\/vme.hu\/wprs\/wp-content\/uploads\/2020\/09\/5050_bodnar3.jpg\" alt=\"\" data-id=\"177\" data-full-url=\"http:\/\/vme.hu\/wprs\/wp-content\/uploads\/2020\/09\/5050_bodnar3.jpg\" data-link=\"http:\/\/vme.hu\/wprs\/?attachment_id=177\" class=\"wp-image-177\" srcset=\"http:\/\/vme.hu\/wprs\/wp-content\/uploads\/2020\/09\/5050_bodnar3.jpg 465w, http:\/\/vme.hu\/wprs\/wp-content\/uploads\/2020\/09\/5050_bodnar3-199x300.jpg 199w\" sizes=\"(max-width: 465px) 100vw, 465px\" \/><figcaption class=\"blocks-gallery-item__caption\">Erd\u0151b\u00e9nyei bodn\u00e1rt\u00e1nc<\/figcaption><\/figure><\/li><li class=\"blocks-gallery-item\"><figure><img decoding=\"async\" loading=\"lazy\" width=\"900\" height=\"580\" src=\"http:\/\/vme.hu\/wprs\/wp-content\/uploads\/2020\/09\/5063_kisszek2.jpg\" alt=\"\" data-id=\"178\" data-full-url=\"http:\/\/vme.hu\/wprs\/wp-content\/uploads\/2020\/09\/5063_kisszek2.jpg\" data-link=\"http:\/\/vme.hu\/wprs\/?attachment_id=178\" class=\"wp-image-178\" srcset=\"http:\/\/vme.hu\/wprs\/wp-content\/uploads\/2020\/09\/5063_kisszek2.jpg 900w, http:\/\/vme.hu\/wprs\/wp-content\/uploads\/2020\/09\/5063_kisszek2-300x193.jpg 300w, http:\/\/vme.hu\/wprs\/wp-content\/uploads\/2020\/09\/5063_kisszek2-768x495.jpg 768w\" sizes=\"(max-width: 900px) 100vw, 900px\" \/><figcaption class=\"blocks-gallery-item__caption\">Kissz\u00e9k t\u00e1nc<\/figcaption><\/figure><\/li><li class=\"blocks-gallery-item\"><figure><img decoding=\"async\" loading=\"lazy\" width=\"900\" height=\"598\" src=\"http:\/\/vme.hu\/wprs\/wp-content\/uploads\/2020\/09\/5068_kisszek1.jpg\" alt=\"\" data-id=\"179\" data-full-url=\"http:\/\/vme.hu\/wprs\/wp-content\/uploads\/2020\/09\/5068_kisszek1.jpg\" data-link=\"http:\/\/vme.hu\/wprs\/?attachment_id=179\" class=\"wp-image-179\" srcset=\"http:\/\/vme.hu\/wprs\/wp-content\/uploads\/2020\/09\/5068_kisszek1.jpg 900w, http:\/\/vme.hu\/wprs\/wp-content\/uploads\/2020\/09\/5068_kisszek1-300x199.jpg 300w, http:\/\/vme.hu\/wprs\/wp-content\/uploads\/2020\/09\/5068_kisszek1-768x510.jpg 768w\" sizes=\"(max-width: 900px) 100vw, 900px\" \/><figcaption class=\"blocks-gallery-item__caption\">Kissz\u00e9k t\u00e1nc<\/figcaption><\/figure><\/li><li class=\"blocks-gallery-item\"><figure><img decoding=\"async\" loading=\"lazy\" width=\"465\" height=\"700\" src=\"http:\/\/vme.hu\/wprs\/wp-content\/uploads\/2020\/09\/5091_kisszek3.jpg\" alt=\"\" data-id=\"180\" data-full-url=\"http:\/\/vme.hu\/wprs\/wp-content\/uploads\/2020\/09\/5091_kisszek3.jpg\" data-link=\"http:\/\/vme.hu\/wprs\/?attachment_id=180\" class=\"wp-image-180\" srcset=\"http:\/\/vme.hu\/wprs\/wp-content\/uploads\/2020\/09\/5091_kisszek3.jpg 465w, http:\/\/vme.hu\/wprs\/wp-content\/uploads\/2020\/09\/5091_kisszek3-199x300.jpg 199w\" sizes=\"(max-width: 465px) 100vw, 465px\" \/><figcaption class=\"blocks-gallery-item__caption\">Kissz\u00e9k t\u00e1nc<\/figcaption><\/figure><\/li><li class=\"blocks-gallery-item\"><figure><img decoding=\"async\" loading=\"lazy\" width=\"465\" height=\"700\" src=\"http:\/\/vme.hu\/wprs\/wp-content\/uploads\/2020\/09\/5108_szakacs1.jpg\" alt=\"\" data-id=\"181\" data-full-url=\"http:\/\/vme.hu\/wprs\/wp-content\/uploads\/2020\/09\/5108_szakacs1.jpg\" data-link=\"http:\/\/vme.hu\/wprs\/?attachment_id=181\" class=\"wp-image-181\" srcset=\"http:\/\/vme.hu\/wprs\/wp-content\/uploads\/2020\/09\/5108_szakacs1.jpg 465w, http:\/\/vme.hu\/wprs\/wp-content\/uploads\/2020\/09\/5108_szakacs1-199x300.jpg 199w\" sizes=\"(max-width: 465px) 100vw, 465px\" \/><figcaption class=\"blocks-gallery-item__caption\">Szak\u00e1csasszonyok t\u00e1nca<\/figcaption><\/figure><\/li><li class=\"blocks-gallery-item\"><figure><img decoding=\"async\" loading=\"lazy\" width=\"900\" height=\"598\" src=\"http:\/\/vme.hu\/wprs\/wp-content\/uploads\/2020\/09\/5118_szakacs2.jpg\" alt=\"\" data-id=\"182\" data-full-url=\"http:\/\/vme.hu\/wprs\/wp-content\/uploads\/2020\/09\/5118_szakacs2.jpg\" data-link=\"http:\/\/vme.hu\/wprs\/?attachment_id=182\" class=\"wp-image-182\" srcset=\"http:\/\/vme.hu\/wprs\/wp-content\/uploads\/2020\/09\/5118_szakacs2.jpg 900w, http:\/\/vme.hu\/wprs\/wp-content\/uploads\/2020\/09\/5118_szakacs2-300x199.jpg 300w, http:\/\/vme.hu\/wprs\/wp-content\/uploads\/2020\/09\/5118_szakacs2-768x510.jpg 768w\" sizes=\"(max-width: 900px) 100vw, 900px\" \/><figcaption class=\"blocks-gallery-item__caption\">Szak\u00e1csasszonyok t\u00e1nca<\/figcaption><\/figure><\/li><li class=\"blocks-gallery-item\"><figure><img decoding=\"async\" loading=\"lazy\" width=\"900\" height=\"598\" src=\"http:\/\/vme.hu\/wprs\/wp-content\/uploads\/2020\/09\/5127_szakacs3.jpg\" alt=\"\" data-id=\"183\" data-full-url=\"http:\/\/vme.hu\/wprs\/wp-content\/uploads\/2020\/09\/5127_szakacs3.jpg\" data-link=\"http:\/\/vme.hu\/wprs\/?attachment_id=183\" class=\"wp-image-183\" srcset=\"http:\/\/vme.hu\/wprs\/wp-content\/uploads\/2020\/09\/5127_szakacs3.jpg 900w, http:\/\/vme.hu\/wprs\/wp-content\/uploads\/2020\/09\/5127_szakacs3-300x199.jpg 300w, http:\/\/vme.hu\/wprs\/wp-content\/uploads\/2020\/09\/5127_szakacs3-768x510.jpg 768w\" sizes=\"(max-width: 900px) 100vw, 900px\" \/><figcaption class=\"blocks-gallery-item__caption\">Szak\u00e1csasszonyok t\u00e1nca<\/figcaption><\/figure><\/li><li class=\"blocks-gallery-item\"><figure><img decoding=\"async\" loading=\"lazy\" width=\"900\" height=\"598\" src=\"http:\/\/vme.hu\/wprs\/wp-content\/uploads\/2020\/09\/5174_kecske2.jpg\" alt=\"\" data-id=\"184\" data-full-url=\"http:\/\/vme.hu\/wprs\/wp-content\/uploads\/2020\/09\/5174_kecske2.jpg\" data-link=\"http:\/\/vme.hu\/wprs\/?attachment_id=184\" class=\"wp-image-184\" srcset=\"http:\/\/vme.hu\/wprs\/wp-content\/uploads\/2020\/09\/5174_kecske2.jpg 900w, http:\/\/vme.hu\/wprs\/wp-content\/uploads\/2020\/09\/5174_kecske2-300x199.jpg 300w, http:\/\/vme.hu\/wprs\/wp-content\/uploads\/2020\/09\/5174_kecske2-768x510.jpg 768w\" sizes=\"(max-width: 900px) 100vw, 900px\" \/><figcaption class=\"blocks-gallery-item__caption\">Kecskekeres\u00e9s<\/figcaption><\/figure><\/li><li class=\"blocks-gallery-item\"><figure><img decoding=\"async\" loading=\"lazy\" width=\"465\" height=\"700\" src=\"http:\/\/vme.hu\/wprs\/wp-content\/uploads\/2020\/09\/5182_kecske3.jpg\" alt=\"\" data-id=\"185\" data-full-url=\"http:\/\/vme.hu\/wprs\/wp-content\/uploads\/2020\/09\/5182_kecske3.jpg\" data-link=\"http:\/\/vme.hu\/wprs\/?attachment_id=185\" class=\"wp-image-185\" srcset=\"http:\/\/vme.hu\/wprs\/wp-content\/uploads\/2020\/09\/5182_kecske3.jpg 465w, http:\/\/vme.hu\/wprs\/wp-content\/uploads\/2020\/09\/5182_kecske3-199x300.jpg 199w\" sizes=\"(max-width: 465px) 100vw, 465px\" \/><figcaption class=\"blocks-gallery-item__caption\">Kecskekeres\u00e9s<\/figcaption><\/figure><\/li><li class=\"blocks-gallery-item\"><figure><img decoding=\"async\" loading=\"lazy\" width=\"900\" height=\"598\" src=\"http:\/\/vme.hu\/wprs\/wp-content\/uploads\/2020\/09\/5186_kecske4.jpg\" alt=\"\" data-id=\"186\" data-full-url=\"http:\/\/vme.hu\/wprs\/wp-content\/uploads\/2020\/09\/5186_kecske4.jpg\" data-link=\"http:\/\/vme.hu\/wprs\/?attachment_id=186\" class=\"wp-image-186\" srcset=\"http:\/\/vme.hu\/wprs\/wp-content\/uploads\/2020\/09\/5186_kecske4.jpg 900w, http:\/\/vme.hu\/wprs\/wp-content\/uploads\/2020\/09\/5186_kecske4-300x199.jpg 300w, http:\/\/vme.hu\/wprs\/wp-content\/uploads\/2020\/09\/5186_kecske4-768x510.jpg 768w\" sizes=\"(max-width: 900px) 100vw, 900px\" \/><figcaption class=\"blocks-gallery-item__caption\">Kecskekeres\u00e9s<\/figcaption><\/figure><\/li><li class=\"blocks-gallery-item\"><figure><img decoding=\"async\" loading=\"lazy\" width=\"465\" height=\"700\" src=\"http:\/\/vme.hu\/wprs\/wp-content\/uploads\/2020\/09\/5207_kecske5.jpg\" alt=\"\" data-id=\"187\" data-full-url=\"http:\/\/vme.hu\/wprs\/wp-content\/uploads\/2020\/09\/5207_kecske5.jpg\" data-link=\"http:\/\/vme.hu\/wprs\/?attachment_id=187\" class=\"wp-image-187\" srcset=\"http:\/\/vme.hu\/wprs\/wp-content\/uploads\/2020\/09\/5207_kecske5.jpg 465w, http:\/\/vme.hu\/wprs\/wp-content\/uploads\/2020\/09\/5207_kecske5-199x300.jpg 199w\" sizes=\"(max-width: 465px) 100vw, 465px\" \/><figcaption class=\"blocks-gallery-item__caption\">Kecskekeres\u00e9s<\/figcaption><\/figure><\/li><li class=\"blocks-gallery-item\"><figure><img decoding=\"async\" loading=\"lazy\" width=\"900\" height=\"598\" src=\"http:\/\/vme.hu\/wprs\/wp-content\/uploads\/2020\/09\/5215_kecske6.jpg\" alt=\"\" data-id=\"188\" data-full-url=\"http:\/\/vme.hu\/wprs\/wp-content\/uploads\/2020\/09\/5215_kecske6.jpg\" data-link=\"http:\/\/vme.hu\/wprs\/?attachment_id=188\" class=\"wp-image-188\" srcset=\"http:\/\/vme.hu\/wprs\/wp-content\/uploads\/2020\/09\/5215_kecske6.jpg 900w, http:\/\/vme.hu\/wprs\/wp-content\/uploads\/2020\/09\/5215_kecske6-300x199.jpg 300w, http:\/\/vme.hu\/wprs\/wp-content\/uploads\/2020\/09\/5215_kecske6-768x510.jpg 768w\" sizes=\"(max-width: 900px) 100vw, 900px\" \/><figcaption class=\"blocks-gallery-item__caption\">Kecskekeres\u00e9s<\/figcaption><\/figure><\/li><li class=\"blocks-gallery-item\"><figure><img decoding=\"async\" loading=\"lazy\" width=\"465\" height=\"700\" src=\"http:\/\/vme.hu\/wprs\/wp-content\/uploads\/2020\/09\/5219_kecske7.jpg\" alt=\"\" data-id=\"189\" data-full-url=\"http:\/\/vme.hu\/wprs\/wp-content\/uploads\/2020\/09\/5219_kecske7.jpg\" data-link=\"http:\/\/vme.hu\/wprs\/?attachment_id=189\" class=\"wp-image-189\" srcset=\"http:\/\/vme.hu\/wprs\/wp-content\/uploads\/2020\/09\/5219_kecske7.jpg 465w, http:\/\/vme.hu\/wprs\/wp-content\/uploads\/2020\/09\/5219_kecske7-199x300.jpg 199w\" sizes=\"(max-width: 465px) 100vw, 465px\" \/><figcaption class=\"blocks-gallery-item__caption\">Kecskekeres\u00e9s<\/figcaption><\/figure><\/li><li class=\"blocks-gallery-item\"><figure><img decoding=\"async\" loading=\"lazy\" width=\"900\" height=\"598\" src=\"http:\/\/vme.hu\/wprs\/wp-content\/uploads\/2020\/09\/5221_kecske8.jpg\" alt=\"\" data-id=\"190\" data-full-url=\"http:\/\/vme.hu\/wprs\/wp-content\/uploads\/2020\/09\/5221_kecske8.jpg\" data-link=\"http:\/\/vme.hu\/wprs\/?attachment_id=190\" class=\"wp-image-190\" srcset=\"http:\/\/vme.hu\/wprs\/wp-content\/uploads\/2020\/09\/5221_kecske8.jpg 900w, http:\/\/vme.hu\/wprs\/wp-content\/uploads\/2020\/09\/5221_kecske8-300x199.jpg 300w, http:\/\/vme.hu\/wprs\/wp-content\/uploads\/2020\/09\/5221_kecske8-768x510.jpg 768w\" sizes=\"(max-width: 900px) 100vw, 900px\" \/><figcaption class=\"blocks-gallery-item__caption\">Kecskekeres\u00e9s<\/figcaption><\/figure><\/li><li class=\"blocks-gallery-item\"><figure><img decoding=\"async\" loading=\"lazy\" width=\"900\" height=\"598\" src=\"http:\/\/vme.hu\/wprs\/wp-content\/uploads\/2020\/09\/5243_kecske9.jpg\" alt=\"\" data-id=\"191\" data-full-url=\"http:\/\/vme.hu\/wprs\/wp-content\/uploads\/2020\/09\/5243_kecske9.jpg\" data-link=\"http:\/\/vme.hu\/wprs\/?attachment_id=191\" class=\"wp-image-191\" srcset=\"http:\/\/vme.hu\/wprs\/wp-content\/uploads\/2020\/09\/5243_kecske9.jpg 900w, http:\/\/vme.hu\/wprs\/wp-content\/uploads\/2020\/09\/5243_kecske9-300x199.jpg 300w, http:\/\/vme.hu\/wprs\/wp-content\/uploads\/2020\/09\/5243_kecske9-768x510.jpg 768w\" sizes=\"(max-width: 900px) 100vw, 900px\" \/><figcaption class=\"blocks-gallery-item__caption\">Kecskekeres\u00e9s<\/figcaption><\/figure><\/li><li class=\"blocks-gallery-item\"><figure><img decoding=\"async\" loading=\"lazy\" width=\"900\" height=\"598\" src=\"http:\/\/vme.hu\/wprs\/wp-content\/uploads\/2020\/09\/5540_szatmari1.jpg\" alt=\"\" data-id=\"192\" data-full-url=\"http:\/\/vme.hu\/wprs\/wp-content\/uploads\/2020\/09\/5540_szatmari1.jpg\" data-link=\"http:\/\/vme.hu\/wprs\/?attachment_id=192\" class=\"wp-image-192\" srcset=\"http:\/\/vme.hu\/wprs\/wp-content\/uploads\/2020\/09\/5540_szatmari1.jpg 900w, http:\/\/vme.hu\/wprs\/wp-content\/uploads\/2020\/09\/5540_szatmari1-300x199.jpg 300w, http:\/\/vme.hu\/wprs\/wp-content\/uploads\/2020\/09\/5540_szatmari1-768x510.jpg 768w\" sizes=\"(max-width: 900px) 100vw, 900px\" \/><figcaption class=\"blocks-gallery-item__caption\">T\u00e1ncok nagyecsedr\u0151l<\/figcaption><\/figure><\/li><li class=\"blocks-gallery-item\"><figure><img decoding=\"async\" loading=\"lazy\" width=\"900\" height=\"598\" src=\"http:\/\/vme.hu\/wprs\/wp-content\/uploads\/2020\/09\/5548_szatmari2.jpg\" alt=\"\" data-id=\"193\" data-full-url=\"http:\/\/vme.hu\/wprs\/wp-content\/uploads\/2020\/09\/5548_szatmari2.jpg\" data-link=\"http:\/\/vme.hu\/wprs\/?attachment_id=193\" class=\"wp-image-193\" srcset=\"http:\/\/vme.hu\/wprs\/wp-content\/uploads\/2020\/09\/5548_szatmari2.jpg 900w, http:\/\/vme.hu\/wprs\/wp-content\/uploads\/2020\/09\/5548_szatmari2-300x199.jpg 300w, http:\/\/vme.hu\/wprs\/wp-content\/uploads\/2020\/09\/5548_szatmari2-768x510.jpg 768w\" sizes=\"(max-width: 900px) 100vw, 900px\" \/><figcaption class=\"blocks-gallery-item__caption\">T\u00e1ncok nagyecsedr\u0151l<\/figcaption><\/figure><\/li><li class=\"blocks-gallery-item\"><figure><img decoding=\"async\" loading=\"lazy\" width=\"900\" height=\"598\" src=\"http:\/\/vme.hu\/wprs\/wp-content\/uploads\/2020\/09\/5582_szatmari3.jpg\" alt=\"\" data-id=\"194\" data-full-url=\"http:\/\/vme.hu\/wprs\/wp-content\/uploads\/2020\/09\/5582_szatmari3.jpg\" data-link=\"http:\/\/vme.hu\/wprs\/?attachment_id=194\" class=\"wp-image-194\" srcset=\"http:\/\/vme.hu\/wprs\/wp-content\/uploads\/2020\/09\/5582_szatmari3.jpg 900w, http:\/\/vme.hu\/wprs\/wp-content\/uploads\/2020\/09\/5582_szatmari3-300x199.jpg 300w, http:\/\/vme.hu\/wprs\/wp-content\/uploads\/2020\/09\/5582_szatmari3-768x510.jpg 768w\" sizes=\"(max-width: 900px) 100vw, 900px\" \/><figcaption class=\"blocks-gallery-item__caption\">T\u00e1ncok nagyecsedr\u0151l<\/figcaption><\/figure><\/li><li class=\"blocks-gallery-item\"><figure><img decoding=\"async\" loading=\"lazy\" width=\"900\" height=\"598\" src=\"http:\/\/vme.hu\/wprs\/wp-content\/uploads\/2020\/09\/5602_szatmari4.jpg\" alt=\"\" data-id=\"195\" data-full-url=\"http:\/\/vme.hu\/wprs\/wp-content\/uploads\/2020\/09\/5602_szatmari4.jpg\" data-link=\"http:\/\/vme.hu\/wprs\/?attachment_id=195\" class=\"wp-image-195\" srcset=\"http:\/\/vme.hu\/wprs\/wp-content\/uploads\/2020\/09\/5602_szatmari4.jpg 900w, http:\/\/vme.hu\/wprs\/wp-content\/uploads\/2020\/09\/5602_szatmari4-300x199.jpg 300w, http:\/\/vme.hu\/wprs\/wp-content\/uploads\/2020\/09\/5602_szatmari4-768x510.jpg 768w\" sizes=\"(max-width: 900px) 100vw, 900px\" \/><figcaption class=\"blocks-gallery-item__caption\">T\u00e1ncok nagyecsedr\u0151l<\/figcaption><\/figure><\/li><li class=\"blocks-gallery-item\"><figure><img decoding=\"async\" loading=\"lazy\" width=\"900\" height=\"600\" src=\"http:\/\/vme.hu\/wprs\/wp-content\/uploads\/2020\/09\/5616_szatmari5.jpg\" alt=\"\" data-id=\"196\" data-full-url=\"http:\/\/vme.hu\/wprs\/wp-content\/uploads\/2020\/09\/5616_szatmari5.jpg\" data-link=\"http:\/\/vme.hu\/wprs\/?attachment_id=196\" class=\"wp-image-196\" srcset=\"http:\/\/vme.hu\/wprs\/wp-content\/uploads\/2020\/09\/5616_szatmari5.jpg 900w, http:\/\/vme.hu\/wprs\/wp-content\/uploads\/2020\/09\/5616_szatmari5-300x200.jpg 300w, http:\/\/vme.hu\/wprs\/wp-content\/uploads\/2020\/09\/5616_szatmari5-768x512.jpg 768w\" sizes=\"(max-width: 900px) 100vw, 900px\" \/><figcaption class=\"blocks-gallery-item__caption\">T\u00e1ncok nagyecsedr\u0151l<\/figcaption><\/figure><\/li><li class=\"blocks-gallery-item\"><figure><img decoding=\"async\" loading=\"lazy\" width=\"900\" height=\"598\" src=\"http:\/\/vme.hu\/wprs\/wp-content\/uploads\/2020\/09\/5638_szatmari6.jpg\" alt=\"\" data-id=\"197\" data-full-url=\"http:\/\/vme.hu\/wprs\/wp-content\/uploads\/2020\/09\/5638_szatmari6.jpg\" data-link=\"http:\/\/vme.hu\/wprs\/?attachment_id=197\" class=\"wp-image-197\" srcset=\"http:\/\/vme.hu\/wprs\/wp-content\/uploads\/2020\/09\/5638_szatmari6.jpg 900w, http:\/\/vme.hu\/wprs\/wp-content\/uploads\/2020\/09\/5638_szatmari6-300x199.jpg 300w, http:\/\/vme.hu\/wprs\/wp-content\/uploads\/2020\/09\/5638_szatmari6-768x510.jpg 768w\" sizes=\"(max-width: 900px) 100vw, 900px\" \/><figcaption class=\"blocks-gallery-item__caption\">T\u00e1ncok nagyecsedr\u0151l<\/figcaption><\/figure><\/li><li class=\"blocks-gallery-item\"><figure><img decoding=\"async\" loading=\"lazy\" width=\"465\" height=\"700\" src=\"http:\/\/vme.hu\/wprs\/wp-content\/uploads\/2020\/09\/5680_szatmari7.jpg\" alt=\"\" data-id=\"198\" data-full-url=\"http:\/\/vme.hu\/wprs\/wp-content\/uploads\/2020\/09\/5680_szatmari7.jpg\" data-link=\"http:\/\/vme.hu\/wprs\/?attachment_id=198\" class=\"wp-image-198\" srcset=\"http:\/\/vme.hu\/wprs\/wp-content\/uploads\/2020\/09\/5680_szatmari7.jpg 465w, http:\/\/vme.hu\/wprs\/wp-content\/uploads\/2020\/09\/5680_szatmari7-199x300.jpg 199w\" sizes=\"(max-width: 465px) 100vw, 465px\" \/><figcaption class=\"blocks-gallery-item__caption\">T\u00e1ncok nagyecsedr\u0151l<\/figcaption><\/figure><\/li><li class=\"blocks-gallery-item\"><figure><img decoding=\"async\" loading=\"lazy\" width=\"800\" height=\"411\" src=\"http:\/\/vme.hu\/wprs\/wp-content\/uploads\/2020\/09\/Kep033_farsang.jpg\" alt=\"\" data-id=\"199\" data-full-url=\"http:\/\/vme.hu\/wprs\/wp-content\/uploads\/2020\/09\/Kep033_farsang.jpg\" data-link=\"http:\/\/vme.hu\/wprs\/?attachment_id=199\" class=\"wp-image-199\" srcset=\"http:\/\/vme.hu\/wprs\/wp-content\/uploads\/2020\/09\/Kep033_farsang.jpg 800w, http:\/\/vme.hu\/wprs\/wp-content\/uploads\/2020\/09\/Kep033_farsang-300x154.jpg 300w, http:\/\/vme.hu\/wprs\/wp-content\/uploads\/2020\/09\/Kep033_farsang-768x395.jpg 768w\" sizes=\"(max-width: 800px) 100vw, 800px\" \/><figcaption class=\"blocks-gallery-item__caption\">Farsangol\u00e1s a guzsajasban<\/figcaption><\/figure><\/li><li class=\"blocks-gallery-item\"><figure><img decoding=\"async\" loading=\"lazy\" width=\"800\" height=\"507\" src=\"http:\/\/vme.hu\/wprs\/wp-content\/uploads\/2020\/09\/Kep1322_farsang.jpg\" alt=\"\" data-id=\"200\" data-full-url=\"http:\/\/vme.hu\/wprs\/wp-content\/uploads\/2020\/09\/Kep1322_farsang.jpg\" data-link=\"http:\/\/vme.hu\/wprs\/?attachment_id=200\" class=\"wp-image-200\" srcset=\"http:\/\/vme.hu\/wprs\/wp-content\/uploads\/2020\/09\/Kep1322_farsang.jpg 800w, http:\/\/vme.hu\/wprs\/wp-content\/uploads\/2020\/09\/Kep1322_farsang-300x190.jpg 300w, http:\/\/vme.hu\/wprs\/wp-content\/uploads\/2020\/09\/Kep1322_farsang-768x487.jpg 768w\" sizes=\"(max-width: 800px) 100vw, 800px\" \/><figcaption class=\"blocks-gallery-item__caption\">Farsangol\u00e1s a guzsajasban<\/figcaption><\/figure><\/li><li class=\"blocks-gallery-item\"><figure><img decoding=\"async\" loading=\"lazy\" width=\"800\" height=\"515\" src=\"http:\/\/vme.hu\/wprs\/wp-content\/uploads\/2020\/09\/Kep149_farsang.jpg\" alt=\"\" data-id=\"201\" data-full-url=\"http:\/\/vme.hu\/wprs\/wp-content\/uploads\/2020\/09\/Kep149_farsang.jpg\" data-link=\"http:\/\/vme.hu\/wprs\/?attachment_id=201\" class=\"wp-image-201\" srcset=\"http:\/\/vme.hu\/wprs\/wp-content\/uploads\/2020\/09\/Kep149_farsang.jpg 800w, http:\/\/vme.hu\/wprs\/wp-content\/uploads\/2020\/09\/Kep149_farsang-300x193.jpg 300w, http:\/\/vme.hu\/wprs\/wp-content\/uploads\/2020\/09\/Kep149_farsang-768x494.jpg 768w\" sizes=\"(max-width: 800px) 100vw, 800px\" \/><figcaption class=\"blocks-gallery-item__caption\">Farsangol\u00e1s a guzsajasban<\/figcaption><\/figure><\/li><li class=\"blocks-gallery-item\"><figure><img decoding=\"async\" loading=\"lazy\" width=\"800\" height=\"428\" src=\"http:\/\/vme.hu\/wprs\/wp-content\/uploads\/2020\/09\/Kep217_farsang.jpg\" alt=\"\" data-id=\"202\" data-full-url=\"http:\/\/vme.hu\/wprs\/wp-content\/uploads\/2020\/09\/Kep217_farsang.jpg\" data-link=\"http:\/\/vme.hu\/wprs\/?attachment_id=202\" class=\"wp-image-202\" srcset=\"http:\/\/vme.hu\/wprs\/wp-content\/uploads\/2020\/09\/Kep217_farsang.jpg 800w, http:\/\/vme.hu\/wprs\/wp-content\/uploads\/2020\/09\/Kep217_farsang-300x161.jpg 300w, http:\/\/vme.hu\/wprs\/wp-content\/uploads\/2020\/09\/Kep217_farsang-768x411.jpg 768w\" sizes=\"(max-width: 800px) 100vw, 800px\" \/><figcaption class=\"blocks-gallery-item__caption\">Farsangol\u00e1s a guzsajasban<\/figcaption><\/figure><\/li><li class=\"blocks-gallery-item\"><figure><img decoding=\"async\" loading=\"lazy\" width=\"600\" height=\"800\" src=\"http:\/\/vme.hu\/wprs\/wp-content\/uploads\/2020\/09\/Kep242_farsang.jpg\" alt=\"\" data-id=\"203\" data-full-url=\"http:\/\/vme.hu\/wprs\/wp-content\/uploads\/2020\/09\/Kep242_farsang.jpg\" data-link=\"http:\/\/vme.hu\/wprs\/?attachment_id=203\" class=\"wp-image-203\" srcset=\"http:\/\/vme.hu\/wprs\/wp-content\/uploads\/2020\/09\/Kep242_farsang.jpg 600w, http:\/\/vme.hu\/wprs\/wp-content\/uploads\/2020\/09\/Kep242_farsang-225x300.jpg 225w\" sizes=\"(max-width: 600px) 100vw, 600px\" \/><figcaption class=\"blocks-gallery-item__caption\">Farsangol\u00e1s a guzsajasban<\/figcaption><\/figure><\/li><\/ul><\/figure>\n\n\n\n<ul><li><a href=\"http:\/\/vme.hu\/ferrum\/sites\/default\/files\/kepek\/5033_bodnar1.jpg\"><\/a><\/li><\/ul>\n","protected":false},"excerpt":{"rendered":"<p>T\u00e1ncok<\/p>\n","protected":false},"author":1,"featured_media":0,"parent":0,"menu_order":0,"comment_status":"closed","ping_status":"closed","template":"","meta":{"_mc_calendar":[]},"_links":{"self":[{"href":"http:\/\/vme.hu\/wprs\/index.php?rest_route=\/wp\/v2\/pages\/151"}],"collection":[{"href":"http:\/\/vme.hu\/wprs\/index.php?rest_route=\/wp\/v2\/pages"}],"about":[{"href":"http:\/\/vme.hu\/wprs\/index.php?rest_route=\/wp\/v2\/types\/page"}],"author":[{"embeddable":true,"href":"http:\/\/vme.hu\/wprs\/index.php?rest_route=\/wp\/v2\/users\/1"}],"replies":[{"embeddable":true,"href":"http:\/\/vme.hu\/wprs\/index.php?rest_route=%2Fwp%2Fv2%2Fcomments&post=151"}],"version-history":[{"count":4,"href":"http:\/\/vme.hu\/wprs\/index.php?rest_route=\/wp\/v2\/pages\/151\/revisions"}],"predecessor-version":[{"id":205,"href":"http:\/\/vme.hu\/wprs\/index.php?rest_route=\/wp\/v2\/pages\/151\/revisions\/205"}],"wp:attachment":[{"href":"http:\/\/vme.hu\/wprs\/index.php?rest_route=%2Fwp%2Fv2%2Fmedia&parent=151"}],"curies":[{"name":"wp","href":"https:\/\/api.w.org\/{rel}","templated":true}]}}