{"id":164,"date":"2020-09-06T11:56:00","date_gmt":"2020-09-06T09:56:00","guid":{"rendered":"http:\/\/vme.hu\/wprs\/?page_id=164"},"modified":"2020-09-06T11:59:55","modified_gmt":"2020-09-06T09:59:55","slug":"a-zenekar-karmesterei","status":"publish","type":"page","link":"http:\/\/vme.hu\/wprs\/?page_id=164","title":{"rendered":"A Zenekar karmesterei"},"content":{"rendered":"\n<figure class=\"wp-block-table\"><table><tbody><tr><td><em>1950 &#8211; 1975<\/em><\/td><td><strong>Somlai Ferenc<\/strong> (alap\u00edt\u00f3 karmester)<\/td><\/tr><tr><td><em>1975 &#8211; 1992<\/em><\/td><td><strong>Vass Lajos<\/strong> Erkel- \u00e9s SZOT-d\u00edjas karmester \u00e9s karnagy<\/td><\/tr><tr><td><em>1958 &#8211; 1967<\/em><\/td><td>k\u00f6zrem\u0171k\u00f6d\u00f6tt <strong>Kenessey Jen\u0151<\/strong><\/td><\/tr><tr><td><em>1992 &#8211; 1999<\/em><\/td><td><strong>D\u00f6m\u00f6t\u00f6r Zsuzsa<\/strong> karmester<\/td><\/tr><tr><td>&nbsp;<\/td><td><em>1983-t\u00f3l<\/em> m\u00e1sodkarmester<\/td><\/tr><tr><td><em>1992 \u2013 1993<\/em><\/td><td>k\u00f6zrem\u0171k\u00f6d\u00f6tt <strong>Gelencs\u00e9r G\u00e1bor<\/strong><\/td><\/tr><tr><td><em>1999 &#8211; 2001<\/em><\/td><td><strong>Horny\u00e1k Tam\u00e1s<\/strong> karmester<\/td><\/tr><tr><td><em>2001 &#8211; 2003<\/em><\/td><td><strong>S\u00f6r\u00f6s Cec\u00edlia<\/strong> karmester,<br><strong>Somogyv\u00e1ri \u00c1kos<\/strong> karmester<\/td><\/tr><tr><td><em>2003-2012<\/em><\/td><td><strong>Panagiotis Notis Georgiou<\/strong> karmester<\/td><\/tr><tr><td>2012-2015<\/td><td><strong>Kiss Boldizs\u00e1r<\/strong><\/td><\/tr><tr><td>2015-t\u0151l<\/td><td><strong>Uzsaly Bence<\/strong><\/td><\/tr><\/tbody><\/table><\/figure>\n","protected":false},"excerpt":{"rendered":"<p>1950 &#8211; 1975 Somlai Ferenc (alap\u00edt\u00f3 karmester) 1975 &#8211; 1992 Vass Lajos Erkel- \u00e9s SZOT-d\u00edjas karmester \u00e9s karnagy 1958 &#8211; 1967 k\u00f6zrem\u0171k\u00f6d\u00f6tt Kenessey Jen\u0151 1992 [&hellip;]<\/p>\n","protected":false},"author":1,"featured_media":0,"parent":0,"menu_order":0,"comment_status":"closed","ping_status":"closed","template":"","meta":{"_mc_calendar":[]},"_links":{"self":[{"href":"http:\/\/vme.hu\/wprs\/index.php?rest_route=\/wp\/v2\/pages\/164"}],"collection":[{"href":"http:\/\/vme.hu\/wprs\/index.php?rest_route=\/wp\/v2\/pages"}],"about":[{"href":"http:\/\/vme.hu\/wprs\/index.php?rest_route=\/wp\/v2\/types\/page"}],"author":[{"embeddable":true,"href":"http:\/\/vme.hu\/wprs\/index.php?rest_route=\/wp\/v2\/users\/1"}],"replies":[{"embeddable":true,"href":"http:\/\/vme.hu\/wprs\/index.php?rest_route=%2Fwp%2Fv2%2Fcomments&post=164"}],"version-history":[{"count":2,"href":"http:\/\/vme.hu\/wprs\/index.php?rest_route=\/wp\/v2\/pages\/164\/revisions"}],"predecessor-version":[{"id":169,"href":"http:\/\/vme.hu\/wprs\/index.php?rest_route=\/wp\/v2\/pages\/164\/revisions\/169"}],"wp:attachment":[{"href":"http:\/\/vme.hu\/wprs\/index.php?rest_route=%2Fwp%2Fv2%2Fmedia&parent=164"}],"curies":[{"name":"wp","href":"https:\/\/api.w.org\/{rel}","templated":true}]}}