{"id":32,"date":"2020-08-29T19:32:33","date_gmt":"2020-08-29T17:32:33","guid":{"rendered":"http:\/\/vme.hu\/wprs\/?page_id=32"},"modified":"2020-09-06T13:57:54","modified_gmt":"2020-09-06T11:57:54","slug":"dokumentumok","status":"publish","type":"page","link":"http:\/\/vme.hu\/wprs\/?page_id=32","title":{"rendered":"Dokumentumok"},"content":{"rendered":"\n<p class=\"has-tan-color has-text-color\">Az alap\u00edtv\u00e1ny m\u0171k\u00f6d\u00e9s\u00e9vel kapcsolatos dokumentumok.<\/p>\n\n\n\n<p class=\"has-tan-color has-text-color\"><a href=\"http:\/\/vme.hu\/ferrum\/sites\/default\/files\/doc\/alapito_okirat_2019_10_07.pdf\">Alap\u00edt\u00f3 okirat 2019<\/a><\/p>\n\n\n\n<p class=\"has-tan-color has-text-color\"><a href=\"http:\/\/vme.hu\/ferrum\/sites\/default\/files\/doc\/torvenyszeki_vegzes_2019_11_05.pdf\">T\u00f6rv\u00e9nysz\u00e9ki v\u00e9gz\u00e9s 2019<\/a><\/p>\n\n\n\n<p class=\"has-tan-color has-text-color\"><a href=\"http:\/\/vme.hu\/ferrum\/sites\/default\/files\/doc\/alapito_okirat_2017.pdf\">Alap\u00edt\u00f3 okirat 2017.<\/a><\/p>\n\n\n\n<p class=\"has-tan-color has-text-color\"><a href=\"http:\/\/vme.hu\/ferrum\/sites\/default\/files\/doc\/torvenyszeki_2018.pdf\">T\u00f6rv\u00e9nysz\u00e9ki v\u00e9gz\u00e9s 2018.<\/a><\/p>\n\n\n\n<p class=\"has-tan-color has-text-color\"><a href=\"http:\/\/vme.hu\/ferrum\/sites\/default\/files\/doc\/alapito_okirat_2016_11.pdf\">Alap\u00edt\u00f3 okirat 2016.11.<\/a><\/p>\n\n\n\n<p class=\"has-tan-color has-text-color\"><a href=\"http:\/\/vme.hu\/ferrum\/sites\/default\/files\/doc\/torvenyszeki_zaradek_170328.pdf\">T\u00f6rv\u00e9nysz\u00e9ki v\u00e9gz\u00e9s z\u00e1rad\u00e9k 2017.03.28.<\/a><\/p>\n\n\n\n<p class=\"has-tan-color has-text-color\"><a href=\"http:\/\/vme.hu\/ferrum\/sites\/default\/files\/doc\/torvenyszeki_2017.pdf\">T\u00f6rv\u00e9nysz\u00e9ki v\u00e9gz\u00e9s 2017.03.13.<\/a><\/p>\n\n\n\n<p class=\"has-tan-color has-text-color\"><a href=\"http:\/\/vme.hu\/ferrum\/sites\/default\/files\/doc\/torvenyszeki_2014_10.pdf\">T\u00f6rv\u00e9nysz\u00e9ki v\u00e9gz\u00e9s 2014.10.<\/a><\/p>\n\n\n\n<p class=\"has-tan-color has-text-color\"><a href=\"http:\/\/vme.hu\/ferrum\/sites\/default\/files\/doc\/torvenyszeki_2014.pdf\">T\u00f6rv\u00e9nysz\u00e9ki v\u00e9gz\u00e9s 2014<\/a><\/p>\n\n\n\n<p class=\"has-tan-color has-text-color\"><a href=\"http:\/\/vme.hu\/ferrum\/sites\/default\/files\/doc\/alapito_okirat_2014_09.pdf\">Alap\u00edt\u00f3 okirat 2014.09.<\/a><\/p>\n\n\n\n<p class=\"has-tan-color has-text-color\"><a href=\"http:\/\/vme.hu\/ferrum\/sites\/default\/files\/doc\/birosagi_vegzes.pdf\">B\u00edr\u00f3s\u00e1gi v\u00e9gz\u00e9s<\/a><br><a href=\"http:\/\/vme.hu\/ferrum\/sites\/default\/files\/doc\/kozhasznusagi_2017.pdf\">M\u00e9rleg \u00e9s K\u00f6zhaszn\u00fas\u00e1gi jelent\u00e9s 2017<\/a><\/p>\n\n\n\n<p class=\"has-tan-color has-text-color\"><a href=\"http:\/\/vme.hu\/ferrum\/sites\/default\/files\/doc\/kozhasznusagi_2016.pdf\">M\u00e9rleg \u00e9s K\u00f6zhaszn\u00fas\u00e1gi jelent\u00e9s 2016<\/a><\/p>\n\n\n\n<p class=\"has-tan-color has-text-color\"><a href=\"http:\/\/vme.hu\/ferrum\/sites\/default\/files\/doc\/kozhasznusagi_2015.pdf\">M\u00e9rleg \u00e9s K\u00f6zhaszn\u00fas\u00e1gi jelent\u00e9s 2015<\/a><\/p>\n\n\n\n<p class=\"has-tan-color has-text-color\"><a href=\"http:\/\/vme.hu\/ferrum\/sites\/default\/files\/doc\/kozhasznusagi_2014.pdf\">M\u00e9rleg \u00e9s K\u00f6zhaszn\u00fas\u00e1gi jelent\u00e9s 2014<\/a><\/p>\n\n\n\n<p class=\"has-tan-color has-text-color\"><a href=\"http:\/\/vme.hu\/ferrum\/sites\/default\/files\/doc\/kozhasznusagi_2013.pdf\">M\u00e9rleg \u00e9s K\u00f6zhaszn\u00fas\u00e1gi jelent\u00e9s 2013<\/a><\/p>\n\n\n\n<p class=\"has-tan-color has-text-color\"><a href=\"http:\/\/vme.hu\/ferrum\/sites\/default\/files\/doc\/kozhasznusagi_2012.pdf\">M\u00e9rleg \u00e9s K\u00f6zhaszn\u00fas\u00e1gi jelent\u00e9s 2012<\/a><\/p>\n\n\n\n<p class=\"has-tan-color has-text-color\"><a href=\"http:\/\/vme.hu\/ferrum\/sites\/default\/files\/doc\/kozhasznusagi_2011.pdf\">K\u00f6zhaszn\u00fas\u00e1gi jelent\u00e9s 2011<\/a><\/p>\n\n\n\n<p class=\"has-tan-color has-text-color\"><a href=\"http:\/\/vme.hu\/ferrum\/sites\/default\/files\/doc\/szamviteli_beszamolo_2011.pdf\">M\u00e9rleg \u00e9s eredm\u00e9ny kimutat\u00e1s 2011<\/a><\/p>\n\n\n\n<p class=\"has-tan-color has-text-color\"><a href=\"http:\/\/vme.hu\/ferrum\/sites\/default\/files\/doc\/kozhasznusagi_2010.pdf\">K\u00f6zhaszn\u00fas\u00e1gi jelent\u00e9s 2010<\/a><\/p>\n\n\n\n<p class=\"has-tan-color has-text-color\"><a href=\"http:\/\/vme.hu\/ferrum\/sites\/default\/files\/doc\/VMEM-RLEG2010.pdf\">M\u00e9rleg \u00e9s eredm\u00e9ny kimutat\u00e1s 2010<\/a><\/p>\n\n\n\n<p class=\"has-tan-color has-text-color\"><a href=\"http:\/\/vme.hu\/ferrum\/sites\/default\/files\/doc\/kozhasznusagi_2009.pdf\">K\u00f6zhaszn\u00fas\u00e1gi jelent\u00e9s 2009<\/a><\/p>\n\n\n\n<p class=\"has-tan-color has-text-color\"><a href=\"http:\/\/vme.hu\/ferrum\/sites\/default\/files\/doc\/merleg_eredmenykimutatas_2009.pdf\">M\u00e9rleg \u00e9s eredm\u00e9ny kimutat\u00e1s 2009<\/a><\/p>\n","protected":false},"excerpt":{"rendered":"<p>Az alap\u00edtv\u00e1ny m\u0171k\u00f6d\u00e9s\u00e9vel kapcsolatos dokumentumok. Alap\u00edt\u00f3 okirat 2019 T\u00f6rv\u00e9nysz\u00e9ki v\u00e9gz\u00e9s 2019 Alap\u00edt\u00f3 okirat 2017. T\u00f6rv\u00e9nysz\u00e9ki v\u00e9gz\u00e9s 2018. Alap\u00edt\u00f3 okirat 2016.11. T\u00f6rv\u00e9nysz\u00e9ki v\u00e9gz\u00e9s z\u00e1rad\u00e9k 2017.03.28. T\u00f6rv\u00e9nysz\u00e9ki [&hellip;]<\/p>\n","protected":false},"author":1,"featured_media":0,"parent":0,"menu_order":0,"comment_status":"closed","ping_status":"closed","template":"","meta":{"_mc_calendar":[]},"_links":{"self":[{"href":"http:\/\/vme.hu\/wprs\/index.php?rest_route=\/wp\/v2\/pages\/32"}],"collection":[{"href":"http:\/\/vme.hu\/wprs\/index.php?rest_route=\/wp\/v2\/pages"}],"about":[{"href":"http:\/\/vme.hu\/wprs\/index.php?rest_route=\/wp\/v2\/types\/page"}],"author":[{"embeddable":true,"href":"http:\/\/vme.hu\/wprs\/index.php?rest_route=\/wp\/v2\/users\/1"}],"replies":[{"embeddable":true,"href":"http:\/\/vme.hu\/wprs\/index.php?rest_route=%2Fwp%2Fv2%2Fcomments&post=32"}],"version-history":[{"count":2,"href":"http:\/\/vme.hu\/wprs\/index.php?rest_route=\/wp\/v2\/pages\/32\/revisions"}],"predecessor-version":[{"id":170,"href":"http:\/\/vme.hu\/wprs\/index.php?rest_route=\/wp\/v2\/pages\/32\/revisions\/170"}],"wp:attachment":[{"href":"http:\/\/vme.hu\/wprs\/index.php?rest_route=%2Fwp%2Fv2%2Fmedia&parent=32"}],"curies":[{"name":"wp","href":"https:\/\/api.w.org\/{rel}","templated":true}]}}