{"id":39,"date":"2020-08-29T19:41:53","date_gmt":"2020-08-29T17:41:53","guid":{"rendered":"http:\/\/vme.hu\/wprs\/?page_id=39"},"modified":"2022-05-25T17:22:03","modified_gmt":"2022-05-25T15:22:03","slug":"vass-lajos-korus","status":"publish","type":"page","link":"http:\/\/vme.hu\/wprs\/?page_id=39","title":{"rendered":"Vass Lajos K\u00f3rus"},"content":{"rendered":"\n<figure class=\"wp-block-image size-large is-resized\"><img decoding=\"async\" loading=\"lazy\" src=\"http:\/\/vme.hu\/wprs\/wp-content\/uploads\/2022\/05\/borito_Lantos-95-1024x456.jpg\" alt=\"\" class=\"wp-image-306\" width=\"928\" height=\"413\" srcset=\"http:\/\/vme.hu\/wprs\/wp-content\/uploads\/2022\/05\/borito_Lantos-95-1024x456.jpg 1024w, http:\/\/vme.hu\/wprs\/wp-content\/uploads\/2022\/05\/borito_Lantos-95-300x134.jpg 300w, http:\/\/vme.hu\/wprs\/wp-content\/uploads\/2022\/05\/borito_Lantos-95-768x342.jpg 768w, http:\/\/vme.hu\/wprs\/wp-content\/uploads\/2022\/05\/borito_Lantos-95-1536x684.jpg 1536w, http:\/\/vme.hu\/wprs\/wp-content\/uploads\/2022\/05\/borito_Lantos-95-2048x912.jpg 2048w\" sizes=\"(max-width: 928px) 100vw, 928px\" \/><\/figure>\n\n\n\n<p class=\"has-tan-color has-text-color\">A Vass Lajos K\u00f3rus 1903-ban alakult el\u0151sz\u00f6r f\u00e9rfikark\u00e9nt, majd 1948-ban vegyeskarr\u00e1 szervez\u0151d\u00f6tt. M\u00e1r akkor kialakult az \u00e9nekkar h\u00e1rom f\u0151 profilja: a kort\u00e1rs magyar zene tolm\u00e1csol\u00e1sa, az a capella irodalom, valamint a nagy orat\u00f3rikus m\u0171vek el\u0151ad\u00e1sa. A k\u00f3rus 1948-ban, a szabads\u00e1gharc centen\u00e1rium\u00e1nak alkalm\u00e1b\u00f3l rendezett k\u00f3rusversenyen vegyeskari kateg\u00f3ri\u00e1ban I. d\u00edjat kapott.<\/p>\n\n\n\n<p class=\"has-tan-color has-text-color\">A Vasas K\u00f3rus n\u00e9vhez sz\u00e1mos magyar m\u0171 \u0151sbemutat\u00f3ja f\u0171z\u0151dik (Kod\u00e1ly Zolt\u00e1n: F\u00f6lsz\u00e1llott a p\u00e1va, Vass Lajos: Mathias Rex). Az egy\u00fcttes vezet\u0151i t\u00f6bbek k\u00f6z\u00f6tt Vaszy Viktor, V\u00e1s\u00e1rhelyi Zolt\u00e1n, Andr\u00e1s B\u00e9la voltak, 1962-t\u0151l 1992 november\u00e9ben bek\u00f6vetkezett hal\u00e1l\u00e1ig Vass Lajos Erkel-d\u00edjas zeneszerz\u0151-karnagy vezette, 1993 \u00e9s 1998 k\u00f6z\u00f6tt Somos Csaba, majd\u00a0 Horny\u00e1k Tam\u00e1st \u00e9s Kabdeb\u00f3 S\u00e1ndort k\u00f6vet\u0151en ism\u00e9t Somos Csaba. B\u00e1rd Judit 2002-t\u0151l m\u00e1sodkarnagyk\u00e9nt\u00a0k\u00f6zrem\u0171k\u00f6dve, 2009-t\u0151l 2020-ig vezet\u0151 karnagyk\u00e9nt\u00a0vette \u00e1t az egy\u00fcttes m\u0171v\u00e9szeti vezet\u00e9s\u00e9t. Sz\u0171cs D\u00e1niel 2015-ben csatlakozott a k\u00f3rushoz, 2016-t\u00f3l t\u00e1rskarnagyk\u00e9nt, 2020-t\u00f3l karnagyk\u00e9nt vezeti az \u00e9nekkart.<\/p>\n\n\n\n<p class=\"has-tan-color has-text-color\">Az \u00e9nekkar sz\u00e1mos nemzetk\u00f6zi kapcsolatot alak\u00edtott ki az Europa Cantat fesztiv\u00e1lokon (Neversben, Namurban, P\u00e9csett), valamint t\u00f6bb nemzetk\u00f6zi versenyen d\u00edjat is nyert (1978-ban Llangollenben vegyeskari \u00e9s folkl\u00f3r kateg\u00f3ri\u00e1ban I. d\u00edj, n\u0151ikari kateg\u00f3ri\u00e1ban III. d\u00edj, 1981-ben Spittalban a vegyeskari kateg\u00f3ri\u00e1ban IV. d\u00edj, a folkl\u00f3r kateg\u00f3ri\u00e1ban II. d\u00edj). Az \u00e9nekkar mai arculat\u00e1ra is jellemz\u0151, hogy minden koroszt\u00e1ly \u00e9nekel a k\u00f3rusban \u00e9s folytatja az \u00e9vtizedes trad\u00edci\u00f3kat. 1994-ben az egy\u00fcttes felvette szeretett karnagya,&nbsp;Vass Lajos&nbsp;nev\u00e9t. Egy\u00fcttes\u00fcnk fontosnak \u00e9rzi n\u00e9vad\u00f3nk m\u0171veinek tolm\u00e1csol\u00e1s\u00e1t, \u00f6r\u00f6ks\u00e9g\u00e9nek \u00e1pol\u00e1s\u00e1t, valamint az \u00e9nekkar reperto\u00e1rj\u00e1nak b\u0151v\u00edt\u00e9s\u00e9t.<\/p>\n\n\n\n<p class=\"has-tan-color has-text-color\">K\u00f3rusunk 2012-ben eg\u00e9sz napos szakmai tal\u00e1lkoz\u00f3t szervezett (Vass Lajos Eml\u00e9knap), a Vass Lajoshoz k\u00f6t\u0151d\u0151 szimfonikus zenekar \u00e9s \u00f6t k\u00f3rus r\u00e9szv\u00e9tel\u00e9vel.<\/p>\n\n\n\n<p class=\"has-tan-color has-text-color\">Kiemelked\u0151 min\u0151s\u00edt\u00e9sek \u00e9s d\u00edjak:<\/p>\n\n\n\n<p class=\"has-tan-color has-text-color\">1996-ban, 2000-ben, \u00e9s 2004-ben az \u00e9nekkar &#8222;HANGVERSENYK\u00d3RUS SUMMA CUM LAUDE&#8221; min\u0151s\u00edt\u00e9st, majd 2010-ben, az \u00faj min\u0151s\u00edt\u00e9si rendszerben &#8222;ARS MAIOR&#8221; min\u0151s\u00edt\u00e9st kapott. 2014-ben a Vass Lajos K\u00f3rus kimagasl\u00f3 alkot\u00f3- \u00e9s el\u0151ad\u00f3m\u0171v\u00e9szi munk\u00e1j\u00e1t <em>Csokonai Vit\u00e9z Mih\u00e1ly<\/em>-d\u00edjjal ismert\u00e9k el. A 2015 m\u00e1rcius\u00e1ban rendezett XV. Budapesti Nemzetk\u00f6zi K\u00f3rusversenyen a Vegyeskarok B1 kateg\u00f3ria gy\u0151ztesek\u00e9nt a k\u00f3rus a kimagasl\u00f3 munk\u00e1j\u00e1val, arany I. diplom\u00e1t szerzett, valamint a Vasas M\u0171v\u00e9szegy\u00fcttes tagjak\u00e9nt 2016-ban Magyar Kultur\u00e1lis \u00d6r\u00f6ks\u00e9gd\u00edjat, 2019-ben K\u00d3TA-d\u00edjat kapott.<\/p>\n\n\n\n<p class=\"has-tan-color has-text-color\">A k\u00f3rus karnagya: Sz\u0171cs D\u00e1niel (2015 szeptembere \u00f3ta).<\/p>\n\n\n\n<p class=\"has-tan-color has-text-color\">Pr\u00f3banapok: h\u00e9tf\u0151 \u00e9s cs\u00fct\u00f6rt\u00f6k 18:30-20:30<\/p>\n\n\n\n<p>E-mail:&nbsp;<a rel=\"noreferrer noopener\" href=\"mailto:vass.lajos.choir@gmail.com\" target=\"_blank\">vass.lajos.choir@gmail.com<\/a><br>Facebook: <a rel=\"noreferrer noopener\" href=\"https:\/\/www.facebook.com\/korusvasslajosvegyeskar\" target=\"_blank\">https:\/\/www.facebook.com\/korusvasslajosvegyeskar<\/a><\/p>\n\n\n\n<p class=\"has-tan-color has-red-background-color has-text-color has-background\"><a href=\"http:\/\/vlk.vme.hu\/\">Vass Lajos K\u00f3rus honlapja<\/a><\/p>\n\n\n\n<p><\/p>\n\n\n\n<figure class=\"wp-block-image\"><a href=\"http:\/\/vme.hu\/ferrum\/?q=tanckar#Nemet\"><img decoding=\"async\" src=\"http:\/\/vme.hu\/ferrum\/sites\/default\/files\/kepek\/zaszlok\/flag_de.gif\" alt=\"\"\/><\/a><\/figure>\n\n\n\n<p class=\"has-tan-color has-text-color\">Vorstellung des Lajos Vass Chors<\/p>\n\n\n\n<p class=\"has-tan-color has-text-color\">Chorleiter:\u00a0 <strong>D\u00e1niel Sz\u0171cs<\/strong><\/p>\n\n\n\n<p class=\"has-tan-color has-text-color\">Unser Ensemble wurde 1903 als M\u00e4nnerchor gegr\u00fcndet und 1948 zum gemischten Chor organisiert. Schon damals enstand das Profil des Chores: einerseits das Dolmetschen der zeitgen\u00f6ssischen ungarischen Musik, anderseits der acapella Literatur und der gro\u00dfen oratorischen Werke.Der ChorerhieltimJahre 1948 beidemanl\u00e4sslich des Zentenars des ungarischen Freiheitskampfes veranstalteten Chorwettbewerb in der Kategorie gemischter Chor den I. Preis.<\/p>\n\n\n\n<p class=\"has-tan-color has-text-color\">Mit dem Lajos Vass Chor sind die Urauff\u00fchrungen zahlreicher ungarischer Werke verbunden (Kod\u00e1ly: F\u00f6lsz\u00e1llott a p\u00e1va \/Der Pfau flog auf\/, Vass: Mathias Rex).&nbsp; Die Leiter des Ensembles waren unter anderen Viktor Vaszy, Zolt\u00e1n V\u00e1s\u00e1rhelyi, B\u00e9la Andr\u00e1s; ab 1962 bis zu seinem im November 1992 erfolgten Todewurde es von demmit PreisErkel ausgezeichneten Komponisten-Dirigenten, Lajos Vass geleitet;zwischen 1993 und 1998 von Csaba Somos, dannvon Tam\u00e1s Horny\u00e1kund S\u00e1ndor Kabdeb\u00f3, dann wieder von Csaba Somos.<\/p>\n\n\n\n<p class=\"has-tan-color has-text-color\">Der Chor hat bei den Europa Cantat Treffen (Nevers, Namur, P\u00e9cs), sowie beimehreren internationalen Wettbewerben zahlreiche internationale Kontakte ausgebaut. Er gewann 1978 in Llangollen in den Kategorien gemischter Chor und Folklore den I. Preis, in der Kategorie Frauenchor einen III.,1981 in Spittal in der Kategorie gemischter Chor einen IV:, Folklore einen II. Preis. F\u00fcr den heutigen Chor ist charakteristisch, dass alle Altersklassen im Chorsingenund er die hundertj\u00e4hrige Tradition fortsetzt. 1994 hat der Chor den Namen von seinem geliebten Dirigenten,Lajos Vassangenommen. Unser Ensemble h\u00e4lt es f\u00fcr wichtig, seine Werke vorzutragen, sein Erbe zu pflegen und unser Repertoire zu erweitern.<\/p>\n\n\n\n<p class=\"has-tan-color has-text-color\">Unser Chor hat im Jahre 2012 ein ganzt\u00e4giges berufliches Treffen (Lajos Vass Gedenktag) organisiert, mit der Teilnahme von an Lajos Vass h\u00e4ngenden Orchester und 5 Ch\u00f6re.<\/p>\n\n\n\n<p class=\"has-tan-color has-text-color\">\u00dcberragende Qualifikation und Preise:<\/p>\n\n\n\n<p class=\"has-tan-color has-text-color\">Im Jahre 1996, 2000 und 2004 erhielt der Chor die Qualifikation \u201eKONZERTCHOR SUMME CUM LAUDE\u201d, dannim2010 lautdemneuenQualifikationssystemdie Qualifikation\u201eARS MAIOR\u201d. ImJahre 2014 wurde die herausragendekunstschaffende und vortragsk\u00fcnstlerischeT\u00e4tigkeit von Lajos Vass Chor mit demPreis Csokonai Vit\u00e9z Mih\u00e1ly anerkannt.BeidemimJahre 2015 organisiertenXV. Budapester Internationalen Chorwettbewerberhielt der ChoralsGewinnerin der KategoriegemischterChor B1, mit seinerhervorragendenArbeit, ein Gold I. Diplom, sowieimJahre 2016 alsMitglieder von Vasas Kunstensembleerhielter den PreisUngarischesKulturerbe.<\/p>\n\n\n\n<p class=\"has-tan-color has-text-color\">Die Chefdirigent von Chorist D\u00e1niel Sz\u0171cs (seit 2015)<\/p>\n","protected":false},"excerpt":{"rendered":"<p>A Vass Lajos K\u00f3rus 1903-ban alakult el\u0151sz\u00f6r f\u00e9rfikark\u00e9nt, majd 1948-ban vegyeskarr\u00e1 szervez\u0151d\u00f6tt. M\u00e1r akkor kialakult az \u00e9nekkar h\u00e1rom f\u0151 profilja: a kort\u00e1rs magyar zene tolm\u00e1csol\u00e1sa, [&hellip;]<\/p>\n","protected":false},"author":1,"featured_media":0,"parent":0,"menu_order":0,"comment_status":"closed","ping_status":"closed","template":"","meta":{"_mc_calendar":[]},"_links":{"self":[{"href":"http:\/\/vme.hu\/wprs\/index.php?rest_route=\/wp\/v2\/pages\/39"}],"collection":[{"href":"http:\/\/vme.hu\/wprs\/index.php?rest_route=\/wp\/v2\/pages"}],"about":[{"href":"http:\/\/vme.hu\/wprs\/index.php?rest_route=\/wp\/v2\/types\/page"}],"author":[{"embeddable":true,"href":"http:\/\/vme.hu\/wprs\/index.php?rest_route=\/wp\/v2\/users\/1"}],"replies":[{"embeddable":true,"href":"http:\/\/vme.hu\/wprs\/index.php?rest_route=%2Fwp%2Fv2%2Fcomments&post=39"}],"version-history":[{"count":11,"href":"http:\/\/vme.hu\/wprs\/index.php?rest_route=\/wp\/v2\/pages\/39\/revisions"}],"predecessor-version":[{"id":314,"href":"http:\/\/vme.hu\/wprs\/index.php?rest_route=\/wp\/v2\/pages\/39\/revisions\/314"}],"wp:attachment":[{"href":"http:\/\/vme.hu\/wprs\/index.php?rest_route=%2Fwp%2Fv2%2Fmedia&parent=39"}],"curies":[{"name":"wp","href":"https:\/\/api.w.org\/{rel}","templated":true}]}}