{"id":43,"date":"2020-08-29T19:43:49","date_gmt":"2020-08-29T17:43:49","guid":{"rendered":"http:\/\/vme.hu\/wprs\/?page_id=43"},"modified":"2020-09-06T14:02:07","modified_gmt":"2020-09-06T12:02:07","slug":"tamogatoink","status":"publish","type":"page","link":"http:\/\/vme.hu\/wprs\/?page_id=43","title":{"rendered":"T\u00e1mogat\u00f3ink"},"content":{"rendered":"\n<figure class=\"wp-block-image is-resized is-style-default\"><img decoding=\"async\" loading=\"lazy\" src=\"http:\/\/ferrum.vme.hu\/sites\/default\/files\/kepek\/plakat_szja_2017.preview.jpg\" alt=\"\" width=\"457\" height=\"654\"\/><\/figure>\n\n\n\n<p><strong>Kiemelt t\u00e1mogat\u00f3ink:<\/strong><\/p>\n\n\n\n<figure class=\"wp-block-table\"><table><tbody><tr><td><img decoding=\"async\" src=\"http:\/\/ferrum.vme.hu\/sites\/default\/files\/kepek\/tamogatok\/Vasas.jpg\" style=\"width: 400px;\"><\/td><td><img decoding=\"async\" src=\"http:\/\/ferrum.vme.hu\/sites\/default\/files\/kepek\/tamogatok\/emmi_logo.jpg\" style=\"width: 400px;\"> <img decoding=\"async\" alt=\"\" src=\"http:\/\/ferrum.vme.hu\/sites\/default\/files\/kepek\/tamogatok\/emet_logo_szines_jpeg.jpg\" style=\"width: 400px;\"><\/td><td><img decoding=\"async\" src=\"http:\/\/ferrum.vme.hu\/sites\/default\/files\/kepek\/tamogatok\/TEMI%20logo.jpg\" style=\"width: 500px;\"><\/td><\/tr><\/tbody><\/table><\/figure>\n\n\n\n<p><strong>Tov\u00e1bbi t\u00e1mogat\u00f3ink:<\/strong><\/p>\n\n\n\n<figure class=\"wp-block-table\"><table><tbody><tr><td><img decoding=\"async\" src=\"http:\/\/ferrum.vme.hu\/sites\/default\/files\/kepek\/tamogatok\/NKAlogo.jpg\" style=\"width: 400px;\"><\/td><td><img decoding=\"async\" src=\"http:\/\/ferrum.vme.hu\/sites\/default\/files\/kepek\/tamogatok\/NEA-2.jpg\" style=\"width: 500px;\"> \u00a0<\/td><\/tr><tr><td><img decoding=\"async\" src=\"http:\/\/ferrum.vme.hu\/sites\/default\/files\/kepek\/tamogatok\/szrtlogo.jpg\"> <a href=\"http:\/\/www.szerencsejatek.hu\/\" target=\"_blank\" rel=\"noreferrer noopener\">Szerencsej\u00e1t\u00e9k zrt<\/a><\/td><td><img decoding=\"async\" src=\"http:\/\/ferrum.vme.hu\/sites\/default\/files\/kepek\/tamogatok\/FPH_logo.jpg\" style=\"width: 500px;\"><br>Budapesti F\u0151polg\u00e1rmesteri Hivatal<\/td><\/tr><tr><td><img decoding=\"async\" alt=\"\" src=\"http:\/\/ferrum.vme.hu\/sites\/default\/files\/kepek\/tamogatok\/Tancszinhaz_logo.jpg\" style=\"width: 400px;\"><\/td><td>J\u00f3zsefv\u00e1rosi \u00d6nkorm\u00e1nyzat<img decoding=\"async\" src=\"http:\/\/ferrum.vme.hu\/sites\/default\/files\/kepek\/tamogatok\/Jozsefvaros.jpg\" style=\"width: 500px;\"><\/td><\/tr><tr><td><img decoding=\"async\" src=\"http:\/\/ferrum.vme.hu\/sites\/default\/files\/kepek\/tamogatok\/KIM_logo.jpg\" style=\"width: 400px;\"><\/td><td><a href=\"http:\/\/www.kogartkortars.hu\/\"><\/a><\/td><\/tr><tr><td><img decoding=\"async\" alt=\"\" src=\"http:\/\/ferrum.vme.hu\/sites\/default\/files\/kepek\/tamogatok\/Balassi_Intezet.jpg\" style=\"width: 400px;\"><\/td><td><img decoding=\"async\" alt=\"\" src=\"http:\/\/ferrum.vme.hu\/sites\/default\/files\/kepek\/tamogatok\/FP_logo.jpg\" style=\"width: 500px;\"><\/td><\/tr><tr><td><img decoding=\"async\" alt=\"\" src=\"http:\/\/ferrum.vme.hu\/sites\/default\/files\/kepek\/tamogatok\/TisztaFormak-logo-cmyk.jpg\" style=\"width: 400px;\"><\/td><td><img decoding=\"async\" alt=\"\" src=\"http:\/\/ferrum.vme.hu\/sites\/default\/files\/kepek\/tamogatok\/mmalogo.jpg\" style=\"width: 500px;\"><\/td><\/tr><\/tbody><\/table><\/figure>\n\n\n\n<p><strong>Hogyan t\u00e1mogathat benn\u00fcnket?<\/strong><\/p>\n\n\n\n<p>Amennyiben t\u00e1mogatni szeretn\u00e9 alap\u00edtv\u00e1nyunkat ad\u00f3ja 1%-val:<\/p>\n\n\n\n<p>Ad\u00f3sz\u00e1munk: 18166466-1-42 (k\u00f6zhaszn\u00fa alap\u00edtv\u00e1ny)<\/p>\n","protected":false},"excerpt":{"rendered":"<p>Kiemelt t\u00e1mogat\u00f3ink: Tov\u00e1bbi t\u00e1mogat\u00f3ink: \u00a0 Szerencsej\u00e1t\u00e9k zrt Budapesti F\u0151polg\u00e1rmesteri Hivatal J\u00f3zsefv\u00e1rosi \u00d6nkorm\u00e1nyzat Hogyan t\u00e1mogathat benn\u00fcnket? Amennyiben t\u00e1mogatni szeretn\u00e9 alap\u00edtv\u00e1nyunkat ad\u00f3ja 1%-val: Ad\u00f3sz\u00e1munk: 18166466-1-42 (k\u00f6zhaszn\u00fa alap\u00edtv\u00e1ny)<\/p>\n","protected":false},"author":1,"featured_media":0,"parent":0,"menu_order":0,"comment_status":"closed","ping_status":"closed","template":"","meta":{"_mc_calendar":[]},"_links":{"self":[{"href":"http:\/\/vme.hu\/wprs\/index.php?rest_route=\/wp\/v2\/pages\/43"}],"collection":[{"href":"http:\/\/vme.hu\/wprs\/index.php?rest_route=\/wp\/v2\/pages"}],"about":[{"href":"http:\/\/vme.hu\/wprs\/index.php?rest_route=\/wp\/v2\/types\/page"}],"author":[{"embeddable":true,"href":"http:\/\/vme.hu\/wprs\/index.php?rest_route=\/wp\/v2\/users\/1"}],"replies":[{"embeddable":true,"href":"http:\/\/vme.hu\/wprs\/index.php?rest_route=%2Fwp%2Fv2%2Fcomments&post=43"}],"version-history":[{"count":5,"href":"http:\/\/vme.hu\/wprs\/index.php?rest_route=\/wp\/v2\/pages\/43\/revisions"}],"predecessor-version":[{"id":349,"href":"http:\/\/vme.hu\/wprs\/index.php?rest_route=\/wp\/v2\/pages\/43\/revisions\/349"}],"wp:attachment":[{"href":"http:\/\/vme.hu\/wprs\/index.php?rest_route=%2Fwp%2Fv2%2Fmedia&parent=43"}],"curies":[{"name":"wp","href":"https:\/\/api.w.org\/{rel}","templated":true}]}}